{"id":3284,"date":"2022-09-15T22:03:26","date_gmt":"2022-09-15T20:03:26","guid":{"rendered":"http:\/\/leabecquet.fr\/?page_id=3284"},"modified":"2022-09-19T14:13:33","modified_gmt":"2022-09-19T12:13:33","slug":"le-perchoir","status":"publish","type":"page","link":"https:\/\/leabecquet.fr\/index.php\/le-perchoir\/","title":{"rendered":"Le perchoir"},"content":{"rendered":"\t\t<div data-elementor-type=\"wp-page\" data-elementor-id=\"3284\" class=\"elementor elementor-3284\">\n\t\t\t\t\t\t<div class=\"elementor-inner\">\n\t\t\t\t<div class=\"elementor-section-wrap\">\n\t\t\t\t\t\t\t\t\t<section class=\"elementor-section elementor-top-section elementor-element elementor-element-03fe3ae elementor-section-boxed elementor-section-height-default elementor-section-height-default\" data-id=\"03fe3ae\" data-element_type=\"section\">\n\t\t\t\t\t\t<div class=\"elementor-container elementor-column-gap-default\">\n\t\t\t\t\t\t\t<div class=\"elementor-row\">\n\t\t\t\t\t<div class=\"elementor-column elementor-col-100 elementor-top-column elementor-element elementor-element-ff1e39f\" data-id=\"ff1e39f\" data-element_type=\"column\">\n\t\t\t<div class=\"elementor-column-wrap elementor-element-populated\">\n\t\t\t\t\t\t\t<div class=\"elementor-widget-wrap\">\n\t\t\t\t\t\t<div class=\"elementor-element elementor-element-8a66ce4 elementor-aspect-ratio-169 elementor-widget elementor-widget-video\" data-id=\"8a66ce4\" data-element_type=\"widget\" data-settings=\"{&quot;show_image_overlay&quot;:&quot;yes&quot;,&quot;image_overlay&quot;:{&quot;url&quot;:&quot;&quot;,&quot;id&quot;:&quot;&quot;},&quot;video_type&quot;:&quot;hosted&quot;,&quot;_animation&quot;:&quot;none&quot;,&quot;controls&quot;:&quot;yes&quot;,&quot;aspect_ratio&quot;:&quot;169&quot;}\" data-widget_type=\"video.default\">\n\t\t\t\t<div class=\"elementor-widget-container\">\n\t\t\t\t\t<div class=\"e-hosted-video elementor-wrapper elementor-fit-aspect-ratio elementor-open-inline\">\n\t\t\t\t\t<video class=\"elementor-video\" src=\"http:\/\/leabecquet.fr\/wp-content\/uploads\/2022\/09\/EVENTAILS-ANIM-2.mp4\" controls=\"\" controlsList=\"nodownload\"><\/video>\n\t\t\t\t<\/div>\n\t\t\t\t<\/div>\n\t\t\t\t<\/div>\n\t\t\t\t\t\t<\/div>\n\t\t\t\t\t<\/div>\n\t\t<\/div>\n\t\t\t\t\t\t\t\t<\/div>\n\t\t\t\t\t<\/div>\n\t\t<\/section>\n\t\t\t\t<section class=\"elementor-section elementor-top-section elementor-element elementor-element-bc1aeae elementor-section-boxed elementor-section-height-default elementor-section-height-default\" data-id=\"bc1aeae\" data-element_type=\"section\">\n\t\t\t\t\t\t<div class=\"elementor-container elementor-column-gap-default\">\n\t\t\t\t\t\t\t<div class=\"elementor-row\">\n\t\t\t\t\t<div class=\"elementor-column elementor-col-50 elementor-top-column elementor-element elementor-element-5eb24f08\" data-id=\"5eb24f08\" data-element_type=\"column\">\n\t\t\t<div class=\"elementor-column-wrap elementor-element-populated\">\n\t\t\t\t\t\t\t<div class=\"elementor-widget-wrap\">\n\t\t\t\t\t\t<div class=\"elementor-element elementor-element-40ad45ab elementor-widget elementor-widget-text-editor\" data-id=\"40ad45ab\" data-element_type=\"widget\" data-widget_type=\"text-editor.default\">\n\t\t\t\t<div class=\"elementor-widget-container\">\n\t\t\t\t\t\t\t\t<div class=\"elementor-text-editor elementor-clearfix\">\n\t\t\t\t<h6 style=\"text-align: left;\">Concours interne Gobelins, 2021 &#8211; Mapping vid\u00e9o projet\u00e9 sur la Gare de l&#8217;Est<\/h6>\n<h6 style=\"text-align: left;\">Projet r\u00e9alis\u00e9 en bin\u00f4me avec&nbsp;<a style=\"letter-spacing: 0px; background-color: #fffcfc;\" href=\"https:\/\/lucieraijasse.format.com\/\" target=\"_blank\" rel=\"noopener\">Lucie Raijasse<\/a><\/h6>\n<h6 style=\"text-align: left;\">Client :&nbsp;<a style=\"letter-spacing: 0px; background-color: #fffcfc;\" href=\"https:\/\/leperchoir.fr\/location\/le-perchoir-de-l-est\/\" target=\"_blank\" rel=\"noopener\">Le Perchoir de l&#8217;Est<\/a><\/h6>\n<h6 style=\"text-align: left;\">Projet s\u00e9lectionn\u00e9.<\/h6>\t\t\t\t\t<\/div>\n\t\t\t\t\t\t<\/div>\n\t\t\t\t<\/div>\n\t\t\t\t<div class=\"elementor-element elementor-element-f6faf6c elementor-widget elementor-widget-image\" data-id=\"f6faf6c\" data-element_type=\"widget\" data-widget_type=\"image.default\">\n\t\t\t\t<div class=\"elementor-widget-container\">\n\t\t\t\t\t\t\t\t<div class=\"elementor-image\">\n\t\t\t\t\t\t\t\t\t\t\t\t<img decoding=\"async\" width=\"1920\" height=\"1080\" src=\"https:\/\/leabecquet.fr\/wp-content\/uploads\/2022\/09\/story-page-1.jpg\" class=\"attachment-full size-full\" alt=\"\" loading=\"lazy\" srcset=\"https:\/\/leabecquet.fr\/wp-content\/uploads\/2022\/09\/story-page-1.jpg 1920w, https:\/\/leabecquet.fr\/wp-content\/uploads\/2022\/09\/story-page-1-300x169.jpg 300w, https:\/\/leabecquet.fr\/wp-content\/uploads\/2022\/09\/story-page-1-1024x576.jpg 1024w, https:\/\/leabecquet.fr\/wp-content\/uploads\/2022\/09\/story-page-1-768x432.jpg 768w, https:\/\/leabecquet.fr\/wp-content\/uploads\/2022\/09\/story-page-1-1536x864.jpg 1536w\" sizes=\"(max-width: 1920px) 100vw, 1920px\" \/>\t\t\t\t\t\t\t\t\t\t\t\t\t\t<\/div>\n\t\t\t\t\t\t<\/div>\n\t\t\t\t<\/div>\n\t\t\t\t<div class=\"elementor-element elementor-element-36e8f55 elementor-widget elementor-widget-image\" data-id=\"36e8f55\" data-element_type=\"widget\" data-widget_type=\"image.default\">\n\t\t\t\t<div class=\"elementor-widget-container\">\n\t\t\t\t\t\t\t\t<div class=\"elementor-image\">\n\t\t\t\t\t\t\t\t\t\t\t\t<img decoding=\"async\" width=\"1920\" height=\"1080\" src=\"https:\/\/leabecquet.fr\/wp-content\/uploads\/2022\/09\/story-page-2-1.jpg\" class=\"attachment-full size-full\" alt=\"\" loading=\"lazy\" srcset=\"https:\/\/leabecquet.fr\/wp-content\/uploads\/2022\/09\/story-page-2-1.jpg 1920w, https:\/\/leabecquet.fr\/wp-content\/uploads\/2022\/09\/story-page-2-1-300x169.jpg 300w, https:\/\/leabecquet.fr\/wp-content\/uploads\/2022\/09\/story-page-2-1-1024x576.jpg 1024w, https:\/\/leabecquet.fr\/wp-content\/uploads\/2022\/09\/story-page-2-1-768x432.jpg 768w, https:\/\/leabecquet.fr\/wp-content\/uploads\/2022\/09\/story-page-2-1-1536x864.jpg 1536w\" sizes=\"(max-width: 1920px) 100vw, 1920px\" \/>\t\t\t\t\t\t\t\t\t\t\t\t\t\t<\/div>\n\t\t\t\t\t\t<\/div>\n\t\t\t\t<\/div>\n\t\t\t\t\t\t<\/div>\n\t\t\t\t\t<\/div>\n\t\t<\/div>\n\t\t\t\t<div class=\"elementor-column elementor-col-50 elementor-top-column elementor-element elementor-element-e7712be\" data-id=\"e7712be\" data-element_type=\"column\">\n\t\t\t<div class=\"elementor-column-wrap elementor-element-populated\">\n\t\t\t\t\t\t\t<div class=\"elementor-widget-wrap\">\n\t\t\t\t\t\t<div class=\"elementor-element elementor-element-13524d7 elementor-aspect-ratio-916 elementor-widget elementor-widget-video\" data-id=\"13524d7\" data-element_type=\"widget\" data-settings=\"{&quot;show_image_overlay&quot;:&quot;yes&quot;,&quot;image_overlay&quot;:{&quot;url&quot;:&quot;&quot;,&quot;id&quot;:&quot;&quot;},&quot;video_type&quot;:&quot;hosted&quot;,&quot;_animation&quot;:&quot;none&quot;,&quot;autoplay&quot;:&quot;yes&quot;,&quot;play_on_mobile&quot;:&quot;yes&quot;,&quot;mute&quot;:&quot;yes&quot;,&quot;loop&quot;:&quot;yes&quot;,&quot;aspect_ratio&quot;:&quot;916&quot;}\" data-widget_type=\"video.default\">\n\t\t\t\t<div class=\"elementor-widget-container\">\n\t\t\t\t\t<div class=\"e-hosted-video elementor-wrapper elementor-fit-aspect-ratio elementor-open-inline\">\n\t\t\t\t\t<video class=\"elementor-video\" src=\"http:\/\/leabecquet.fr\/wp-content\/uploads\/2022\/09\/video-irl.mp4\" autoplay=\"\" loop=\"\" muted=\"muted\" playsinline=\"\" controlsList=\"nodownload\"><\/video>\n\t\t\t\t<\/div>\n\t\t\t\t<\/div>\n\t\t\t\t<\/div>\n\t\t\t\t\t\t<\/div>\n\t\t\t\t\t<\/div>\n\t\t<\/div>\n\t\t\t\t\t\t\t\t<\/div>\n\t\t\t\t\t<\/div>\n\t\t<\/section>\n\t\t\t\t<section class=\"elementor-section elementor-top-section elementor-element elementor-element-ea5d655 elementor-section-boxed elementor-section-height-default elementor-section-height-default\" data-id=\"ea5d655\" data-element_type=\"section\">\n\t\t\t\t\t\t<div class=\"elementor-container elementor-column-gap-default\">\n\t\t\t\t\t\t\t<div class=\"elementor-row\">\n\t\t\t\t\t<div class=\"elementor-column elementor-col-100 elementor-top-column elementor-element elementor-element-5e4150c\" data-id=\"5e4150c\" data-element_type=\"column\">\n\t\t\t<div class=\"elementor-column-wrap elementor-element-populated\">\n\t\t\t\t\t\t\t<div class=\"elementor-widget-wrap\">\n\t\t\t\t\t\t<div class=\"elementor-element elementor-element-688ddb4 elementor-widget elementor-widget-spacer\" data-id=\"688ddb4\" data-element_type=\"widget\" data-widget_type=\"spacer.default\">\n\t\t\t\t<div class=\"elementor-widget-container\">\n\t\t\t\t\t<div class=\"elementor-spacer\">\n\t\t\t<div class=\"elementor-spacer-inner\"><\/div>\n\t\t<\/div>\n\t\t\t\t<\/div>\n\t\t\t\t<\/div>\n\t\t\t\t\t\t<\/div>\n\t\t\t\t\t<\/div>\n\t\t<\/div>\n\t\t\t\t\t\t\t\t<\/div>\n\t\t\t\t\t<\/div>\n\t\t<\/section>\n\t\t\t\t\t\t\t\t\t<\/div>\n\t\t\t<\/div>\n\t\t\t\t\t<\/div>\n\t\t","protected":false},"excerpt":{"rendered":"<p>http:\/\/leabecquet.fr\/wp-content\/uploads\/2022\/09\/EVENTAILS-ANIM-2.mp4 Concours interne Gobelins, 2021 &#8211; Mapping vid\u00e9o projet\u00e9 sur la Gare de l&#8217;Est Projet r\u00e9alis\u00e9 en bin\u00f4me avec&nbsp;Lucie Raijasse Client :&nbsp;Le Perchoir de l&#8217;Est Projet s\u00e9lectionn\u00e9. http:\/\/leabecquet.fr\/wp-content\/uploads\/2022\/09\/video-irl.mp4<\/p>\n","protected":false},"author":1,"featured_media":776,"parent":0,"menu_order":0,"comment_status":"closed","ping_status":"closed","template":"elementor_header_footer","meta":[],"_links":{"self":[{"href":"https:\/\/leabecquet.fr\/index.php\/wp-json\/wp\/v2\/pages\/3284"}],"collection":[{"href":"https:\/\/leabecquet.fr\/index.php\/wp-json\/wp\/v2\/pages"}],"about":[{"href":"https:\/\/leabecquet.fr\/index.php\/wp-json\/wp\/v2\/types\/page"}],"author":[{"embeddable":true,"href":"https:\/\/leabecquet.fr\/index.php\/wp-json\/wp\/v2\/users\/1"}],"replies":[{"embeddable":true,"href":"https:\/\/leabecquet.fr\/index.php\/wp-json\/wp\/v2\/comments?post=3284"}],"version-history":[{"count":43,"href":"https:\/\/leabecquet.fr\/index.php\/wp-json\/wp\/v2\/pages\/3284\/revisions"}],"predecessor-version":[{"id":3543,"href":"https:\/\/leabecquet.fr\/index.php\/wp-json\/wp\/v2\/pages\/3284\/revisions\/3543"}],"wp:featuredmedia":[{"embeddable":true,"href":"https:\/\/leabecquet.fr\/index.php\/wp-json\/wp\/v2\/media\/776"}],"wp:attachment":[{"href":"https:\/\/leabecquet.fr\/index.php\/wp-json\/wp\/v2\/media?parent=3284"}],"curies":[{"name":"wp","href":"https:\/\/api.w.org\/{rel}","templated":true}]}}